{"id":7,"date":"2024-03-04T10:54:31","date_gmt":"2024-03-04T10:54:31","guid":{"rendered":"https:\/\/digilita.eu\/?page_id=7"},"modified":"2024-07-09T08:00:03","modified_gmt":"2024-07-09T08:00:03","slug":"o-projektu","status":"publish","type":"page","link":"https:\/\/digilita.eu\/en\/o-projektu\/","title":{"rendered":"About the project"},"content":{"rendered":"<div style=\"height:80px\" aria-hidden=\"true\" class=\"wp-block-spacer\"><\/div>\n\n\n\n<h2 class=\"wp-block-heading\">About the project<\/h2>\n\n\n\n<div style=\"height:30px\" aria-hidden=\"true\" class=\"wp-block-spacer\"><\/div>\n\n\n\n<p>The DigiLitA projects aims to provide scientific answers to questions about the specific circumstances of growing up during middle childhood in the contemporary world, as well as the effect of environmental factors on children\u2019s wellbeing, measured as life satisfaction, executive functions, academic achievement, physical and mental health (Newland, 2015). To the best of our knowledge, there are no such studies in Croatia.<\/p>\n\n\n\n<p>While recent studies continue to point to the trend of prolonged us of digital technology among children (Ofcom, 2023) there is still a lack of consensus regarding the relationship between digital technology use and different well-being indicators. For example, while some studies show that there is a positive relationship between digital technology use and development of prereading skills and literacy (Castles, 2013; Flewitt et al., 2014)., some studies point to a negative relationship (Kotrla Topi\u0107 et al., 2020), and in some studies more digital technology use in middle childhood is also related to obesity, sleep problems and depression (Strasburger et al., 2010), lower health assessments (Perkovi\u0107 Kova\u010devi\u0107 et al., 2019) and weaker observed self-regulation (Munzer et al., 2018). To researchers, the increase in digital technology use in children during middle childhood is interesting in relation to increased concerns regarding neglection of other, more \u201ctraditional\u201d games and activities due to digital technology use.<\/p>\n\n\n\n<p>One set of such activities is regarding nurturing literacy environment in children\u2019s lives through joint book reading, library visits, buying books etc. and the other set of activities is engaging in physical activity, sports activities and playing outside. As for the importance of literacy environment, studies point to a positive relationship between literacy environment and vocabulary development in middle childhood (McNally et al., 2023; S\u00e9n\u00e9chal &amp; LeFevre, 2002), with emergent literacy and children's language, reading, and spelling achievement (Duursma et al., 2008; Kotrla Topi\u0107 et al., 2020; Mol &amp; Bus, 2011), as well as with later academic achievement (Shahaeian et al., 2018), which is considered as important predictor of well-being and mental health. Some aspects of literary environment are related to children\u2019s cognitive development (Kalb &amp; Van Ours, 2013), with joint reading of parents and children activating brain areas for understanding mental imagery and narrative comprehension (Hutton et al., 2015). Finally, when it comes to physical activity and neuromotor maturity, studies show that a significant percentage of children in schools shows undeveloped motor skills and postural instability (Goodard Blythe, 2005), which are often a result of prolonged primitive reflexes. Research points to a direct relationship between immature motor skills and academic achievement, as well as between practicing sports and better executive functions in children (Montalva et al., 2022). Furthermore, studies show that there is a negative relationship between smartphone use and graphomotor skills in preschool children (Kotrla Topi\u0107 et al., 2019), which can lead to poorer academic achievement and have a negative effect on children\u2019s wellbeing.<\/p>\n\n\n\n<p>Based on all this, we feel there is a need for further investigation of digital environment in middle childhood, but with respect to other environments, such as digital literacy environment and an environment that encourages physical activity, which enables us to identify the unique contribution of digital technology use in predicting children\u2019s well-being. Beside the scientific contribution, the DigiLitA project aims to raise awareness about the importance of adequate use of digital technology in middle childhood, as well as importance of literacy environment and physical activity for the well-being of children. This project aims to develop guidelines for parents and educators, as well as interdisciplinary teams of experts.<\/p>\n\n\n\n<p>The project consists of three independent studies that, using different methodologies and samples of participants, attempt to empirically verify a conceptual model of the possible effects and mechanisms of influence of children's digital environment on their well-being, by simultaneously considering other characteristics of their environment, such as a literacy environment and an environment that encourages physical activity. Thus, the studies are conceptualized to enable the determination of unique contributions of using DT in predicting children's well-being.<\/p>\n\n\n\n<p>The creation of the environmental factors in middle childhood depends on the parents, therefore the first study (S1) uses qualitative methodology to examine the perception and attitudes of parents regarding the creation of the developmental environment.<\/p>\n\n\n\n<p>The second, longitudinal study (S2) with three measurement points over two years, examines the possibility of predicting different indicators of child well-being based on different environmental factors. The participants are first-grade children who are individually assessed at the start of the first grade and the end of the first and second grades of elementary school, while their parents use questionnaires to provide various assessments of the children's well-being and information on environmental factors.<\/p>\n\n\n\n<p>Finally, the third study (S3) is a questionnaire study to check the same constructs, but on a larger sample of parents of children with normal development and children with special needs.<\/p>\n\n\n\n<p><\/p>\n\n\n\n<div style=\"height:56px\" aria-hidden=\"true\" class=\"wp-block-spacer\"><\/div>\n\n\n\n<div class=\"wp-block-columns is-layout-flex wp-container-core-columns-is-layout-28f84493 wp-block-columns-is-layout-flex\">\n<div class=\"wp-block-column is-layout-flow wp-block-column-is-layout-flow\">\n<figure class=\"wp-block-image size-full is-resized\"><img loading=\"lazy\" decoding=\"async\" width=\"300\" height=\"194\" src=\"https:\/\/digilita.eu\/wp-content\/uploads\/2024\/03\/pilar-logo-1.png\" alt=\"\" class=\"wp-image-100\" style=\"width:173px;height:auto\"\/><\/figure>\n<\/div>\n\n\n\n<div class=\"wp-block-column is-layout-flow wp-block-column-is-layout-flow\">\n<figure class=\"wp-block-image size-large is-resized\"><img loading=\"lazy\" decoding=\"async\" width=\"1024\" height=\"246\" src=\"https:\/\/digilita.eu\/wp-content\/uploads\/2024\/03\/HR-Financira-Europska-unija_POS-1024x246.jpg\" alt=\"\" class=\"wp-image-50\" style=\"width:300px;height:auto\" srcset=\"https:\/\/digilita.eu\/wp-content\/uploads\/2024\/03\/HR-Financira-Europska-unija_POS-1024x246.jpg 1024w, https:\/\/digilita.eu\/wp-content\/uploads\/2024\/03\/HR-Financira-Europska-unija_POS-300x72.jpg 300w, https:\/\/digilita.eu\/wp-content\/uploads\/2024\/03\/HR-Financira-Europska-unija_POS-768x184.jpg 768w, https:\/\/digilita.eu\/wp-content\/uploads\/2024\/03\/HR-Financira-Europska-unija_POS-1536x369.jpg 1536w, https:\/\/digilita.eu\/wp-content\/uploads\/2024\/03\/HR-Financira-Europska-unija_POS-2048x491.jpg 2048w\" sizes=\"auto, (max-width: 1024px) 100vw, 1024px\" \/><\/figure>\n<\/div>\n<\/div>\n\n\n\n<div style=\"height:100px\" aria-hidden=\"true\" class=\"wp-block-spacer\"><\/div>","protected":false},"excerpt":{"rendered":"<p>O projektu Projekt DigiLitA za cilj ima dati znanstveno utemeljene odgovore na pitanje o specifi\u010dnostima odrastanja u periodu srednjeg djetinjstva u suvremenom svijetu te u\u010dinku okolinskih \u010dimbenika na dobrobit djeteta mjerenu kroz zadovoljstvo \u017eivotom, izvr\u0161ne funkcije, akademski uspjeh, fizi\u010dko i mentalno zdravlje (Newland, 2015). Prema na\u0161im spoznajama, ovakvih istra\u017eivanja u Republici Hrvatskoj nema. Dok novija [&hellip;]<\/p>","protected":false},"author":1,"featured_media":0,"parent":0,"menu_order":0,"comment_status":"closed","ping_status":"closed","template":"","meta":{"footnotes":""},"class_list":["post-7","page","type-page","status-publish","hentry"],"_links":{"self":[{"href":"https:\/\/digilita.eu\/en\/wp-json\/wp\/v2\/pages\/7","targetHints":{"allow":["GET"]}}],"collection":[{"href":"https:\/\/digilita.eu\/en\/wp-json\/wp\/v2\/pages"}],"about":[{"href":"https:\/\/digilita.eu\/en\/wp-json\/wp\/v2\/types\/page"}],"author":[{"embeddable":true,"href":"https:\/\/digilita.eu\/en\/wp-json\/wp\/v2\/users\/1"}],"replies":[{"embeddable":true,"href":"https:\/\/digilita.eu\/en\/wp-json\/wp\/v2\/comments?post=7"}],"version-history":[{"count":8,"href":"https:\/\/digilita.eu\/en\/wp-json\/wp\/v2\/pages\/7\/revisions"}],"predecessor-version":[{"id":176,"href":"https:\/\/digilita.eu\/en\/wp-json\/wp\/v2\/pages\/7\/revisions\/176"}],"wp:attachment":[{"href":"https:\/\/digilita.eu\/en\/wp-json\/wp\/v2\/media?parent=7"}],"curies":[{"name":"wp","href":"https:\/\/api.w.org\/{rel}","templated":true}]}}