{"id":17,"date":"2024-03-04T10:57:05","date_gmt":"2024-03-04T10:57:05","guid":{"rendered":"https:\/\/digilita.eu\/?page_id=17"},"modified":"2025-10-08T07:19:38","modified_gmt":"2025-10-08T07:19:38","slug":"digilita","status":"publish","type":"page","link":"https:\/\/digilita.eu\/en\/","title":{"rendered":"DigiLitA"},"content":{"rendered":"<div style=\"height:50px\" aria-hidden=\"true\" class=\"wp-block-spacer\"><\/div>\n\n\n\n<figure class=\"wp-block-image size-full is-resized\"><img loading=\"lazy\" decoding=\"async\" width=\"437\" height=\"174\" src=\"https:\/\/digilita.eu\/wp-content\/uploads\/2024\/03\/DigiLitA_logotipi-02.png\" alt=\"\" class=\"wp-image-22\" style=\"width:344px;height:auto\" srcset=\"https:\/\/digilita.eu\/wp-content\/uploads\/2024\/03\/DigiLitA_logotipi-02.png 437w, https:\/\/digilita.eu\/wp-content\/uploads\/2024\/03\/DigiLitA_logotipi-02-300x119.png 300w\" sizes=\"auto, (max-width: 437px) 100vw, 437px\" \/><\/figure>\n\n\n\n<div style=\"height:28px\" aria-hidden=\"true\" class=\"wp-block-spacer\"><\/div>\n\n\n\n<p><em>DigiLitA - The effect of environment on child development: The association of digital technology use, home literacy environment and physical activity with the well-being of children in early school years <\/em>is a research project of the Ivo Pilar Institute of Social Sciences, funded by European Union programme NextGeneration EU (project number 01\/02-73\/23-2519-5).<\/p>\n\n\n\n<p>In the context of the contemporary study on the influence of the environment on children's development, the DigiLitA project seeks to achieve a better understanding of the connections between certain environmental factors, specifically the use of digital technology, the literacy environment in which children are growing up, and physical activity in children of early school age with their well-being measured through life satisfaction, executive functions, academic success, physical and mental health.<\/p>\n\n\n\n<p>The DigiLitA project aims to provide scientific answers about the effect of environmental factors on the child's well-being and provide a base for the development and implementation of programs aimed at increasing the well-being of children growing up in the digital world.<\/p>\n\n\n\n<div style=\"height:50px\" aria-hidden=\"true\" class=\"wp-block-spacer\"><\/div>\n\n\n\n<div class=\"wp-block-columns has-background is-layout-flex wp-container-core-columns-is-layout-28f84493 wp-block-columns-is-layout-flex\" style=\"background-color:#c7dea059\">\n<div class=\"wp-block-column is-layout-flow wp-block-column-is-layout-flow\">\n<div class=\"wp-block-columns is-layout-flex wp-container-core-columns-is-layout-28f84493 wp-block-columns-is-layout-flex\">\n<div class=\"wp-block-column is-layout-flow wp-block-column-is-layout-flow\">\n<h3 class=\"wp-block-heading\">Contact<\/h3>\n<\/div>\n<\/div>\n\n\n\n<hr class=\"wp-block-separator has-alpha-channel-opacity is-style-wide\"\/>\n\n\n\n<div class=\"wp-block-columns is-layout-flex wp-container-core-columns-is-layout-28f84493 wp-block-columns-is-layout-flex\">\n<div class=\"wp-block-column is-layout-flow wp-block-column-is-layout-flow\">\n<p><strong>Telephone<\/strong><br> <a href=\"tel:0038531207294\">+385 (0)31 202 067<\/a><\/p>\n\n\n\n<p><strong>Email <\/strong><br><a href=\"mailto:marina.kotrla.topic@pilar.hr\">digilita@pilar.hr<\/a><\/p>\n\n\n\n<p><a href=\"https:\/\/www.researchgate.net\/lab\/DigiLitA-Marina-Kotrla-Topic\">Research Gate DigiLitA<\/a><\/p>\n\n\n\n<p><a href=\"https:\/\/www.croris.hr\/projekti\/projekt\/9375\">CroRIS &#8211; Projekti<\/a> DigiLitA<\/p>\n<\/div>\n\n\n\n<div class=\"wp-block-column is-layout-flow wp-block-column-is-layout-flow\">\n<p>Follow us on social networks:<\/p>\n\n\n\n<ul class=\"wp-block-social-links is-style-logos-only is-layout-flex wp-block-social-links-is-layout-flex\"><li class=\"wp-social-link wp-social-link-facebook  wp-block-social-link\"><a href=\"https:\/\/www.facebook.com\/DigiLitA\/\" class=\"wp-block-social-link-anchor\"><svg width=\"24\" height=\"24\" viewbox=\"0 0 24 24\" version=\"1.1\" xmlns=\"http:\/\/www.w3.org\/2000\/svg\" aria-hidden=\"true\" focusable=\"false\"><path d=\"M12 2C6.5 2 2 6.5 2 12c0 5 3.7 9.1 8.4 9.9v-7H7.9V12h2.5V9.8c0-2.5 1.5-3.9 3.8-3.9 1.1 0 2.2.2 2.2.2v2.5h-1.3c-1.2 0-1.6.8-1.6 1.6V12h2.8l-.4 2.9h-2.3v7C18.3 21.1 22 17 22 12c0-5.5-4.5-10-10-10z\"><\/path><\/svg><span class=\"wp-block-social-link-label screen-reader-text\">Facebook<\/span><\/a><\/li>\n\n\n\n<\/ul>\n<\/div>\n<\/div>\n<\/div>\n<\/div>\n\n\n\n<div style=\"height:50px\" aria-hidden=\"true\" class=\"wp-block-spacer\"><\/div>\n\n\n\n<div class=\"wp-block-columns is-layout-flex wp-container-core-columns-is-layout-28f84493 wp-block-columns-is-layout-flex\">\n<div class=\"wp-block-column is-layout-flow wp-block-column-is-layout-flow\">\n<figure class=\"wp-block-image size-full is-resized\"><img loading=\"lazy\" decoding=\"async\" width=\"300\" height=\"194\" src=\"https:\/\/digilita.eu\/wp-content\/uploads\/2024\/03\/pilar-logo.png\" alt=\"\" class=\"wp-image-49\" style=\"width:172px;height:auto\"\/><\/figure>\n<\/div>\n\n\n\n<div class=\"wp-block-column is-layout-flow wp-block-column-is-layout-flow\">\n<figure class=\"wp-block-image size-large is-resized\"><img loading=\"lazy\" decoding=\"async\" width=\"1024\" height=\"246\" src=\"https:\/\/digilita.eu\/wp-content\/uploads\/2024\/03\/HR-Financira-Europska-unija_POS-1024x246.jpg\" alt=\"\" class=\"wp-image-50\" style=\"width:433px;height:auto\" srcset=\"https:\/\/digilita.eu\/wp-content\/uploads\/2024\/03\/HR-Financira-Europska-unija_POS-1024x246.jpg 1024w, https:\/\/digilita.eu\/wp-content\/uploads\/2024\/03\/HR-Financira-Europska-unija_POS-300x72.jpg 300w, https:\/\/digilita.eu\/wp-content\/uploads\/2024\/03\/HR-Financira-Europska-unija_POS-768x184.jpg 768w, https:\/\/digilita.eu\/wp-content\/uploads\/2024\/03\/HR-Financira-Europska-unija_POS-1536x369.jpg 1536w, https:\/\/digilita.eu\/wp-content\/uploads\/2024\/03\/HR-Financira-Europska-unija_POS-2048x491.jpg 2048w\" sizes=\"auto, (max-width: 1024px) 100vw, 1024px\" \/><\/figure>\n<\/div>\n<\/div>\n\n\n\n<div style=\"height:100px\" aria-hidden=\"true\" class=\"wp-block-spacer\"><\/div>","protected":false},"excerpt":{"rendered":"<p>Projekt DigiLitA \u2013 Utjecaj okoline na razvoj djeteta: povezanost upotrebe digitalne tehnologije, obiteljskog literarnog okru\u017eenja te fizi\u010dke aktivnosti s dobrobiti djeteta u ranoj \u0161kolskoj dobi je znanstveno-istra\u017eiva\u010dki projekt Instituta dru\u0161tvenih znanosti Ivo Pilar, kojeg financira Europska unija &#8211; NextGeneration EU (projekt br. 01\/02-73\/23-2519-5). U kontekstu suvremenog izu\u010davanja utjecaja okoline na razvoj djece, projektom DigiLitA nastoji [&hellip;]<\/p>","protected":false},"author":1,"featured_media":0,"parent":0,"menu_order":0,"comment_status":"closed","ping_status":"closed","template":"","meta":{"footnotes":""},"class_list":["post-17","page","type-page","status-publish","hentry"],"_links":{"self":[{"href":"https:\/\/digilita.eu\/en\/wp-json\/wp\/v2\/pages\/17","targetHints":{"allow":["GET"]}}],"collection":[{"href":"https:\/\/digilita.eu\/en\/wp-json\/wp\/v2\/pages"}],"about":[{"href":"https:\/\/digilita.eu\/en\/wp-json\/wp\/v2\/types\/page"}],"author":[{"embeddable":true,"href":"https:\/\/digilita.eu\/en\/wp-json\/wp\/v2\/users\/1"}],"replies":[{"embeddable":true,"href":"https:\/\/digilita.eu\/en\/wp-json\/wp\/v2\/comments?post=17"}],"version-history":[{"count":25,"href":"https:\/\/digilita.eu\/en\/wp-json\/wp\/v2\/pages\/17\/revisions"}],"predecessor-version":[{"id":331,"href":"https:\/\/digilita.eu\/en\/wp-json\/wp\/v2\/pages\/17\/revisions\/331"}],"wp:attachment":[{"href":"https:\/\/digilita.eu\/en\/wp-json\/wp\/v2\/media?parent=17"}],"curies":[{"name":"wp","href":"https:\/\/api.w.org\/{rel}","templated":true}]}}