{"id":15,"date":"2024-03-04T10:56:10","date_gmt":"2024-03-04T10:56:10","guid":{"rendered":"https:\/\/digilita.eu\/?page_id=15"},"modified":"2025-10-08T07:13:24","modified_gmt":"2025-10-08T07:13:24","slug":"publikacije","status":"publish","type":"page","link":"https:\/\/digilita.eu\/en\/publikacije\/","title":{"rendered":"Publications"},"content":{"rendered":"<p><\/p>\n\n\n\n<h2 class=\"wp-block-heading\"><a href=\"https:\/\/www.researchgate.net\/publication\/395732279_The_role_of_child_and_parental_physical_activity_in_predicting_persistence_of_primitive_reflexes_in_first_grade_children?_sg=I5JZrqcN2dY74vxYfJtcQiItfzdesgjpEYPwoiIK3040xQTHIKVG_AFHjQxzyk7iB8pilDr4_rq8D_8xTZLDxnAUE7U&amp;_tp=eyJjb250ZXh0Ijp7ImZpcnN0UGFnZSI6ImhvbWUiLCJwYWdlIjoiX2RpcmVjdCJ9fQ\">The role of child and parental physical activity in predicting persistence of primitive reflexes in first grade children<\/a><\/h2>\n\n\n\n<div data-wp-interactive=\"core\/file\" class=\"wp-block-file\"><object data-wp-bind--hidden=\"!state.hasPdfPreview\" hidden class=\"wp-block-file__embed\" data=\"https:\/\/digilita.eu\/wp-content\/uploads\/2025\/10\/Poster.pdf\" type=\"application\/pdf\" style=\"width:100%;height:600px\" aria-label=\"Embed of Poster.\"><\/object><a id=\"wp-block-file--media-47607cd2-2532-46fc-b915-3a8b0fc339a4\" href=\"https:\/\/digilita.eu\/wp-content\/uploads\/2025\/10\/Poster.pdf\">Poster<\/a><a href=\"https:\/\/digilita.eu\/wp-content\/uploads\/2025\/10\/Poster.pdf\" class=\"wp-block-file__button wp-element-button\" download aria-describedby=\"wp-block-file--media-47607cd2-2532-46fc-b915-3a8b0fc339a4\">Preuzmi<\/a><\/div>\n\n\n\n<h2 class=\"wp-block-heading\"><a href=\"https:\/\/www.researchgate.net\/publication\/395732275_Physical_activity_and_not_digital_technology_use_predicts_primitive_reflexes_in_first-grade_pupils_in_Croatia?_sg=toZjwcYS6ortu7lW7VpGdkpdCnwkrme3lIDaSED_qOr3EwKrR8in4aHI4uk8JVYDdlDQaqllB8lVmxWx_7nItpaL7DU&amp;_tp=eyJjb250ZXh0Ijp7ImZpcnN0UGFnZSI6ImhvbWUiLCJwYWdlIjoiX2RpcmVjdCJ9fQ\">Physical activity and not digital technology use predicts primitive reflexes in first-grade pupils in Croatia<\/a><\/h2>\n\n\n\n<div class=\"wp-block-file\"><a id=\"wp-block-file--media-5d0cbe6e-12e9-464b-b117-342807e0ce65\" href=\"https:\/\/digilita.eu\/wp-content\/uploads\/2025\/10\/Kotrla-Topic_Split-\u2013-kopija.pptx\">Kotrla Topic_Split \u2013 kopija<\/a><a href=\"https:\/\/digilita.eu\/wp-content\/uploads\/2025\/10\/Kotrla-Topic_Split-\u2013-kopija.pptx\" class=\"wp-block-file__button wp-element-button\" download aria-describedby=\"wp-block-file--media-5d0cbe6e-12e9-464b-b117-342807e0ce65\">Preuzmi<\/a><\/div>\n\n\n\n<h2 class=\"wp-block-heading\"><a href=\"https:\/\/www.researchgate.net\/publication\/395548169_The_importance_of_parental_involvement_in_the_relationship_between_children%27s_leisure_time_and_socioemotional_well-being_in_middle_childhood?_sg=s4z6iwUfIKVe2pRGLr9o4YFfYQT-pqCz2XTfcy-VbzHO_3FnqqNnARwnzbKwjBX-NL8cJolo9940PQMpWiMzYhC-oPs&amp;_tp=eyJjb250ZXh0Ijp7ImZpcnN0UGFnZSI6ImhvbWUiLCJwYWdlIjoiX2RpcmVjdCJ9fQ\">The importance of parental involvement in the relationship between children&#8217;s leisure time and socioemotional well-being in middle childhood<\/a><\/h2>\n\n\n\n<div class=\"wp-block-file\"><a id=\"wp-block-file--media-3334acc9-c278-4cb2-aca1-44e655fee3b0\" href=\"https:\/\/digilita.eu\/wp-content\/uploads\/2025\/10\/Importance-of-parental-involvement_Vilnius.pptx\">Importance of parental involvement_Vilnius<\/a><a href=\"https:\/\/digilita.eu\/wp-content\/uploads\/2025\/10\/Importance-of-parental-involvement_Vilnius.pptx\" class=\"wp-block-file__button wp-element-button\" download aria-describedby=\"wp-block-file--media-3334acc9-c278-4cb2-aca1-44e655fee3b0\">Preuzmi<\/a><\/div>\n\n\n\n<h2 class=\"wp-block-heading\"><a href=\"https:\/\/www.researchgate.net\/publication\/395548279_Home_literacy_environment_and_digital_technology_use_as_mediators_between_parental_attitudes_towards_the_importance_of_reading_or_using_digital_technology_and_vocabulary_comprehension?_sg=ldD6dWBdH7LCDykrgy1oa8YLGUMplPlMTLJjqo_zBrF9tT5e0aF-bVHqnpiO9LX126wqCMr6yjeJoq_rOB8CEXqOMjk&amp;_tp=eyJjb250ZXh0Ijp7ImZpcnN0UGFnZSI6ImhvbWUiLCJwYWdlIjoiX2RpcmVjdCJ9fQ\">Home literacy environment and digital technology use as mediators between parental attitudes towards the importance of reading or using digital technology and vocabulary comprehension<\/a><\/h2>\n\n\n\n<div class=\"wp-block-file\"><a id=\"wp-block-file--media-055ab8b1-cc92-413d-8bc2-0781e7a7e379\" href=\"https:\/\/digilita.eu\/wp-content\/uploads\/2025\/10\/Kotrla-Topic_Villnius.pptx\">Kotrla Topic_Villnius<\/a><a href=\"https:\/\/digilita.eu\/wp-content\/uploads\/2025\/10\/Kotrla-Topic_Villnius.pptx\" class=\"wp-block-file__button wp-element-button\" download aria-describedby=\"wp-block-file--media-055ab8b1-cc92-413d-8bc2-0781e7a7e379\">Preuzmi<\/a><\/div>\n\n\n\n<h2 class=\"wp-block-heading\"><a href=\"https:\/\/www.researchgate.net\/publication\/392464056_Nema_te_neke_slobode_koju_smo_mi_imali_kad_smo_odrastali_-_percepcija_razlika_u_roditeljstvu_nekad_i_danas?_sg=-qVigrYj1ki9ePFDaEzag8xJK3psGi0zWH4PNFj4ULOknvYNQag9GAzW7arQ-67aDThZsS-OHuJFOhgcx400zfPBwEI&amp;_tp=eyJjb250ZXh0Ijp7ImZpcnN0UGFnZSI6ImhvbWUiLCJwYWdlIjoiX2RpcmVjdCJ9fQ\">\u201cNema te neke slobode koju smo mi imali kad smo odrastali &#8230;\u201d &#8211; percepcija razlika u roditeljstvu nekad i danas<\/a><\/h2>\n\n\n\n<div class=\"wp-block-file\"><a id=\"wp-block-file--media-0af3a949-da0a-4716-94c7-1324af64199c\" href=\"https:\/\/digilita.eu\/wp-content\/uploads\/2025\/10\/27DRZB.pptx\">27DRZB<\/a><a href=\"https:\/\/digilita.eu\/wp-content\/uploads\/2025\/10\/27DRZB.pptx\" class=\"wp-block-file__button wp-element-button\" download aria-describedby=\"wp-block-file--media-0af3a949-da0a-4716-94c7-1324af64199c\">Preuzmi<\/a><\/div>\n\n\n\n<h2 class=\"wp-block-heading\"><a href=\"https:\/\/www.researchgate.net\/publication\/392463584_Roditeljski_stavovi_i_ponasanja_u_pogledu_bavljenja_fizickom_aktivnoscu_kao_odrednice_dobrobiti_djece_u_srednjem_djetinjstvu?_sg=HAIdvCt9i3TlKD7tgPARTuZkzX0xwp0uh-TZ83iqEC8UdfuLzHnPycJbQE4nwx9q4If6PDMM9waN-8tspdNUjJXwkbU&amp;_tp=eyJjb250ZXh0Ijp7ImZpcnN0UGFnZSI6ImhvbWUiLCJwYWdlIjoiX2RpcmVjdCJ9fQ\">Roditeljski stavovi i pona\u0161anja u pogledu bavljenja fizi\u010dkom aktivno\u0161\u0107u kao odrednice dobrobiti djece u srednjem djetinjstvu<\/a><\/h2>\n\n\n\n<div class=\"wp-block-file\"><a id=\"wp-block-file--media-c0c4a22d-5dde-4e1d-92fd-a40ac2ed8439\" href=\"https:\/\/digilita.eu\/wp-content\/uploads\/2025\/10\/KOKOSS.pptx\">KOKOSS<\/a><a href=\"https:\/\/digilita.eu\/wp-content\/uploads\/2025\/10\/KOKOSS.pptx\" class=\"wp-block-file__button wp-element-button\" download aria-describedby=\"wp-block-file--media-c0c4a22d-5dde-4e1d-92fd-a40ac2ed8439\">Preuzmi<\/a><\/div>\n\n\n\n<h2 class=\"wp-block-heading\"><strong>Some Aspects of Middle Childhood in Croatia and Well-Being of Children from a Parental Perspective<\/strong><\/h2>\n\n\n\n<div data-wp-interactive=\"core\/file\" class=\"wp-block-file\"><object data-wp-bind--hidden=\"!state.hasPdfPreview\" hidden class=\"wp-block-file__embed\" data=\"https:\/\/digilita.eu\/wp-content\/uploads\/2025\/10\/Kotrla-Topic-i-sur.-2025.pdf\" type=\"application\/pdf\" style=\"width:100%;height:600px\" aria-label=\"Embed of Kotrla Topi\u0107 i sur., 2025..\"><\/object><a id=\"wp-block-file--media-71831075-b135-4ec5-8e23-bcaba750d3a4\" href=\"https:\/\/digilita.eu\/wp-content\/uploads\/2025\/10\/Kotrla-Topic-i-sur.-2025.pdf\">Kotrla Topi\u0107 i sur., 2025.<\/a><a href=\"https:\/\/digilita.eu\/wp-content\/uploads\/2025\/10\/Kotrla-Topic-i-sur.-2025.pdf\" class=\"wp-block-file__button wp-element-button\" download aria-describedby=\"wp-block-file--media-71831075-b135-4ec5-8e23-bcaba750d3a4\">Preuzmi<\/a><\/div>\n\n\n\n<h2 class=\"wp-block-heading\"><a href=\"https:\/\/www.researchgate.net\/publication\/392463695_Slobodno_vrijeme_djece_u_prvom_razredu_i_njihova_subjektivna_dobrobit?_sg=ULmR6yguO9iSOf2prtQm3TBuIwiM4s1YL1NmDYz-xr10NjHLdZ1NMvBEviZNbHV_aWqS7zAwHkGkXAZmKTAB_9QeQeg&amp;_tp=eyJjb250ZXh0Ijp7ImZpcnN0UGFnZSI6ImhvbWUiLCJwYWdlIjoicHJvZmlsZSIsInByZXZpb3VzUGFnZSI6InByb2ZpbGUifX0\">Slobodno vrijeme djece u prvom razredu i njihova subjektivna dobrobit<\/a><\/h2>\n\n\n\n<div class=\"wp-block-file\"><a id=\"wp-block-file--media-15386765-cb7b-4974-b1ad-a0b8456e9c60\" href=\"https:\/\/digilita.eu\/wp-content\/uploads\/2025\/10\/Slobodno-vrijeme-djece-u-prvom-razredu-i-njihova-subjektivna-dobrobit.pptx\">Slobodno vrijeme djece u prvom razredu i njihova subjektivna dobrobit<\/a><a href=\"https:\/\/digilita.eu\/wp-content\/uploads\/2025\/10\/Slobodno-vrijeme-djece-u-prvom-razredu-i-njihova-subjektivna-dobrobit.pptx\" class=\"wp-block-file__button wp-element-button\" download aria-describedby=\"wp-block-file--media-15386765-cb7b-4974-b1ad-a0b8456e9c60\">Preuzmi<\/a><\/div>\n\n\n\n<figure class=\"wp-block-image size-large\"><img loading=\"lazy\" decoding=\"async\" width=\"683\" height=\"1024\" src=\"https:\/\/digilita.eu\/wp-content\/uploads\/2024\/07\/poster_Zadar-2024_mdz_jpg-683x1024.jpg\" alt=\"\" class=\"wp-image-183\" srcset=\"https:\/\/digilita.eu\/wp-content\/uploads\/2024\/07\/poster_Zadar-2024_mdz_jpg-683x1024.jpg 683w, https:\/\/digilita.eu\/wp-content\/uploads\/2024\/07\/poster_Zadar-2024_mdz_jpg-200x300.jpg 200w, https:\/\/digilita.eu\/wp-content\/uploads\/2024\/07\/poster_Zadar-2024_mdz_jpg-768x1152.jpg 768w, https:\/\/digilita.eu\/wp-content\/uploads\/2024\/07\/poster_Zadar-2024_mdz_jpg-1024x1536.jpg 1024w, https:\/\/digilita.eu\/wp-content\/uploads\/2024\/07\/poster_Zadar-2024_mdz_jpg-1365x2048.jpg 1365w, https:\/\/digilita.eu\/wp-content\/uploads\/2024\/07\/poster_Zadar-2024_mdz_jpg-8x12.jpg 8w, https:\/\/digilita.eu\/wp-content\/uploads\/2024\/07\/poster_Zadar-2024_mdz_jpg-scaled.jpg 1707w\" sizes=\"auto, (max-width: 683px) 100vw, 683px\" \/><\/figure>\n\n\n\n<p>Preliminarni rezultati na\u0161e prve istra\u017eiva\u010dke studije, predstavljeni su na XXIV. Danima psihologije u Zadru, odr\u017eanima od 23. do 25 svibnja 2024. Spoznaje do kojih smo do\u0161li ovim istra\u017eivanjem pomo\u0107i \u0107e u pripremi upitnika za longitudinalnu studiju koja po\u010dinje s po\u010detkom \u0161kolske godine 2024.\/2025. <\/p>","protected":false},"excerpt":{"rendered":"<p>The role of child and parental physical activity in predicting persistence of primitive reflexes in first grade children Physical activity and not digital technology use predicts primitive reflexes in first-grade pupils in Croatia The importance of parental involvement in the relationship between children&#8217;s leisure time and socioemotional well-being in middle childhood Home literacy environment and [&hellip;]<\/p>","protected":false},"author":1,"featured_media":0,"parent":0,"menu_order":0,"comment_status":"closed","ping_status":"closed","template":"","meta":{"footnotes":""},"class_list":["post-15","page","type-page","status-publish","hentry"],"_links":{"self":[{"href":"https:\/\/digilita.eu\/en\/wp-json\/wp\/v2\/pages\/15","targetHints":{"allow":["GET"]}}],"collection":[{"href":"https:\/\/digilita.eu\/en\/wp-json\/wp\/v2\/pages"}],"about":[{"href":"https:\/\/digilita.eu\/en\/wp-json\/wp\/v2\/types\/page"}],"author":[{"embeddable":true,"href":"https:\/\/digilita.eu\/en\/wp-json\/wp\/v2\/users\/1"}],"replies":[{"embeddable":true,"href":"https:\/\/digilita.eu\/en\/wp-json\/wp\/v2\/comments?post=15"}],"version-history":[{"count":6,"href":"https:\/\/digilita.eu\/en\/wp-json\/wp\/v2\/pages\/15\/revisions"}],"predecessor-version":[{"id":327,"href":"https:\/\/digilita.eu\/en\/wp-json\/wp\/v2\/pages\/15\/revisions\/327"}],"wp:attachment":[{"href":"https:\/\/digilita.eu\/en\/wp-json\/wp\/v2\/media?parent=15"}],"curies":[{"name":"wp","href":"https:\/\/api.w.org\/{rel}","templated":true}]}}