{"id":124,"date":"2024-03-06T11:10:59","date_gmt":"2024-03-06T11:10:59","guid":{"rendered":"https:\/\/digilita.eu\/?page_id=124"},"modified":"2024-03-06T11:12:18","modified_gmt":"2024-03-06T11:12:18","slug":"politika-kolacica","status":"publish","type":"page","link":"https:\/\/digilita.eu\/en\/politika-kolacica\/","title":{"rendered":"Cookie Policy"},"content":{"rendered":"<div style=\"height:50px\" aria-hidden=\"true\" class=\"wp-block-spacer\"><\/div>\n\n\n\n<h2 class=\"wp-block-heading\">Cookie Policy<\/h2>\n\n\n\n<p>This Cookie Policy explains what cookies are, how we use them, and your choices regarding cookies when you visit digilita.eu.<\/p>\n\n\n\n<div style=\"height:30px\" aria-hidden=\"true\" class=\"wp-block-spacer\"><\/div>\n\n\n\n<h2 class=\"wp-block-heading\">What are Cookies?<\/h2>\n\n\n\n<p>Cookies are small pieces of data stored on your device (computer or mobile device) when you visit a website. They are widely used to make websites work more efficiently and to provide information to the website owners.<\/p>\n\n\n\n<div style=\"height:30px\" aria-hidden=\"true\" class=\"wp-block-spacer\"><\/div>\n\n\n\n<h2 class=\"wp-block-heading\">How We Use Cookies<\/h2>\n\n\n\n<h4 class=\"wp-block-heading\">We use cookies for several purposes, including:<\/h4>\n\n\n\n<p><strong>Essential Cookies:<\/strong> These cookies are necessary for the website to function properly. They enable core functionality such as security, network management, and accessibility. You cannot opt-out of these cookies.<\/p>\n\n\n\n<p><strong>Analytical\/Performance Cookies:<\/strong> These cookies allow us to analyze how visitors use our website, which helps us improve its performance. These cookies do not collect information that identifies you. All information collected by these cookies is aggregated and therefore anonymous.<\/p>\n\n\n\n<p><strong>Functionality Cookies:<\/strong> These cookies enable the website to remember choices you make (such as your username, language, or region) and provide enhanced, more personal features.<\/p>\n\n\n\n<p><strong>Targeting\/Advertising Cookies:<\/strong> These cookies are used to deliver advertisements relevant to you and your interests. They are also used to limit the number of times you see an advertisement and measure the effectiveness of advertising campaigns.<\/p>\n\n\n\n<div style=\"height:30px\" aria-hidden=\"true\" class=\"wp-block-spacer\"><\/div>\n\n\n\n<h2 class=\"wp-block-heading\">Your Choices Regarding Cookies<\/h2>\n\n\n\n<p>You can choose to accept or decline cookies. Most web browsers automatically accept cookies, but you can usually modify your browser settings to decline cookies if you prefer. However, please note that blocking or deleting cookies may affect your experience on our website.<\/p>\n\n\n\n<div style=\"height:30px\" aria-hidden=\"true\" class=\"wp-block-spacer\"><\/div>\n\n\n\n<h2 class=\"wp-block-heading\">Changes to this Cookie Policy<\/h2>\n\n\n\n<p>We may update our Cookie Policy from time to time. Any changes we make to our Cookie Policy in the future will be posted on this page. Please check back frequently to see any updates or changes.<\/p>","protected":false},"excerpt":{"rendered":"<p>Politika kola\u010di\u0107a Ova Pravila o kola\u010di\u0107ima obja\u0161njavaju \u0161to su kola\u010di\u0107i, kako ih koristimo i va\u0161e izbore u vezi s kola\u010di\u0107ima kada posjetite digilita.eu. \u0160to su kola\u010di\u0107i? Kola\u010di\u0107i su mali dijelovi podataka pohranjeni na va\u0161em ure\u0111aju (ra\u010dunalo ili mobilni ure\u0111aj) kada posjetite web stranicu. Na\u0161iroko se koriste za u\u010dinkovitiji rad web stranica i pru\u017eanje informacija vlasnicima [&hellip;]<\/p>","protected":false},"author":1,"featured_media":0,"parent":0,"menu_order":0,"comment_status":"closed","ping_status":"closed","template":"","meta":{"footnotes":""},"class_list":["post-124","page","type-page","status-publish","hentry"],"_links":{"self":[{"href":"https:\/\/digilita.eu\/en\/wp-json\/wp\/v2\/pages\/124","targetHints":{"allow":["GET"]}}],"collection":[{"href":"https:\/\/digilita.eu\/en\/wp-json\/wp\/v2\/pages"}],"about":[{"href":"https:\/\/digilita.eu\/en\/wp-json\/wp\/v2\/types\/page"}],"author":[{"embeddable":true,"href":"https:\/\/digilita.eu\/en\/wp-json\/wp\/v2\/users\/1"}],"replies":[{"embeddable":true,"href":"https:\/\/digilita.eu\/en\/wp-json\/wp\/v2\/comments?post=124"}],"version-history":[{"count":3,"href":"https:\/\/digilita.eu\/en\/wp-json\/wp\/v2\/pages\/124\/revisions"}],"predecessor-version":[{"id":127,"href":"https:\/\/digilita.eu\/en\/wp-json\/wp\/v2\/pages\/124\/revisions\/127"}],"wp:attachment":[{"href":"https:\/\/digilita.eu\/en\/wp-json\/wp\/v2\/media?parent=124"}],"curies":[{"name":"wp","href":"https:\/\/api.w.org\/{rel}","templated":true}]}}