{"id":11,"date":"2024-03-04T10:55:13","date_gmt":"2024-03-04T10:55:13","guid":{"rendered":"https:\/\/digilita.eu\/?page_id=11"},"modified":"2025-03-07T07:53:02","modified_gmt":"2025-03-07T07:53:02","slug":"kontakt","status":"publish","type":"page","link":"https:\/\/digilita.eu\/en\/kontakt\/","title":{"rendered":"Contact"},"content":{"rendered":"<div style=\"height:80px\" aria-hidden=\"true\" class=\"wp-block-spacer\"><\/div>\n\n\n\n<h2 class=\"wp-block-heading\">Contact<\/h2>\n\n\n\n<p style=\"font-size:clamp(0.875em, 0.875rem + ((1vw - 0.2em) * 0.542), 1.2em);\">Project leader: Ph.D. Marina Kotrla Topi\u0107<br>Institute of Social Sciences Ivo Pilar - regional center Osijek<\/p>\n\n\n\n<div style=\"height:12px\" aria-hidden=\"true\" class=\"wp-block-spacer\"><\/div>\n\n\n\n<figure class=\"wp-block-image size-full is-resized\"><img loading=\"lazy\" decoding=\"async\" width=\"437\" height=\"174\" src=\"https:\/\/digilita.eu\/wp-content\/uploads\/2024\/03\/DigiLitA_logotipi-02.png\" alt=\"\" class=\"wp-image-22\" style=\"width:300px;height:auto\" srcset=\"https:\/\/digilita.eu\/wp-content\/uploads\/2024\/03\/DigiLitA_logotipi-02.png 437w, https:\/\/digilita.eu\/wp-content\/uploads\/2024\/03\/DigiLitA_logotipi-02-300x119.png 300w\" sizes=\"auto, (max-width: 437px) 100vw, 437px\" \/><\/figure>\n\n\n\n<div style=\"height:25px\" aria-hidden=\"true\" class=\"wp-block-spacer\"><\/div>\n\n\n\n<div class=\"wp-block-columns has-background is-layout-flex wp-container-core-columns-is-layout-28f84493 wp-block-columns-is-layout-flex\" style=\"background-color:#c7dea063\">\n<div class=\"wp-block-column is-layout-flow wp-block-column-is-layout-flow\">\n<p><strong>Address<\/strong> \u0160ama\u010dka 9\/II, 31 000 Osijek<\/p>\n\n\n\n<p><strong>Telephone<\/strong> <a href=\"tel:0038531207294\">+385 (0) 31 202 067 <\/a><\/p>\n\n\n\n<p><strong>Email<\/strong> <a href=\"mailto:marina.kotrla.topic@pilar.hr\">digilita@pilar.hr<\/a><\/p>\n<\/div>\n<\/div>\n\n\n\n<div style=\"height:25px\" aria-hidden=\"true\" class=\"wp-block-spacer\"><\/div>\n\n\n\n<div><iframe src=\"https:\/\/www.google.com\/maps\/embed?pb=!1m18!1m12!1m3!1d830.4942837748786!2d18.67874657016019!3d45.561616568999625!2m3!1f0!2f0!3f0!3m2!1i1024!2i768!4f13.1!3m3!1m2!1s0x475ce7a711c0e0af%3A0x649a8c722eb27d79!2zxaBhbWHEjWthIDksIDMxMDAwLCBPc2lqZWs!5e0!3m2!1shr!2shr!4v1709558786748!5m2!1shr!2shr\" width=\"600\" height=\"450\" style=\"border:0;\" allowfullscreen=\"\" loading=\"lazy\" referrerpolicy=\"no-referrer-when-downgrade\"><\/iframe><\/div>\n\n\n\n<div style=\"height:100px\" aria-hidden=\"true\" class=\"wp-block-spacer\"><\/div>","protected":false},"excerpt":{"rendered":"<p>Kontakt Voditeljica projekta: dr. sc. Marina Kotrla Topi\u0107Institut dru\u0161tvenih znanosti Ivo Pilar \u2013 podru\u010dni centar Osijek Adresa: \u0160ama\u010dka 9\/II, 31 000 Osijek Telefon: +385 (0) 31 202 067 E-po\u0161ta: digilita@pilar.hr<\/p>","protected":false},"author":1,"featured_media":0,"parent":0,"menu_order":0,"comment_status":"closed","ping_status":"closed","template":"","meta":{"footnotes":""},"class_list":["post-11","page","type-page","status-publish","hentry"],"_links":{"self":[{"href":"https:\/\/digilita.eu\/en\/wp-json\/wp\/v2\/pages\/11","targetHints":{"allow":["GET"]}}],"collection":[{"href":"https:\/\/digilita.eu\/en\/wp-json\/wp\/v2\/pages"}],"about":[{"href":"https:\/\/digilita.eu\/en\/wp-json\/wp\/v2\/types\/page"}],"author":[{"embeddable":true,"href":"https:\/\/digilita.eu\/en\/wp-json\/wp\/v2\/users\/1"}],"replies":[{"embeddable":true,"href":"https:\/\/digilita.eu\/en\/wp-json\/wp\/v2\/comments?post=11"}],"version-history":[{"count":17,"href":"https:\/\/digilita.eu\/en\/wp-json\/wp\/v2\/pages\/11\/revisions"}],"predecessor-version":[{"id":290,"href":"https:\/\/digilita.eu\/en\/wp-json\/wp\/v2\/pages\/11\/revisions\/290"}],"wp:attachment":[{"href":"https:\/\/digilita.eu\/en\/wp-json\/wp\/v2\/media?parent=11"}],"curies":[{"name":"wp","href":"https:\/\/api.w.org\/{rel}","templated":true}]}}